{"id":344,"date":"2016-01-06T11:31:27","date_gmt":"2016-01-06T11:31:27","guid":{"rendered":"http:\/\/consulting.stylemixthemes.com\/demo\/?page_id=344"},"modified":"2025-12-05T18:57:13","modified_gmt":"2025-12-05T18:57:13","slug":"proiecte","status":"publish","type":"page","link":"https:\/\/dragosdobrescu.ro\/en\/proiecte\/","title":{"rendered":"Projects"},"content":{"rendered":"<div data-elementor-type=\"wp-page\" data-elementor-id=\"344\" class=\"elementor elementor-344\" data-elementor-post-type=\"page\">\n\t\t\t\t\t\t<section class=\"elementor-section elementor-top-section elementor-element elementor-element-c525e01 elementor-section-boxed elementor-section-height-default elementor-section-height-default\" data-id=\"c525e01\" data-element_type=\"section\" data-settings=\"{&quot;background_background&quot;:&quot;classic&quot;}\">\n\t\t\t\t\t\t<div class=\"elementor-container elementor-column-gap-default\">\n\t\t\t\t\t<div class=\"elementor-column elementor-col-100 elementor-top-column elementor-element elementor-element-c526317\" data-id=\"c526317\" data-element_type=\"column\">\n\t\t\t<div class=\"elementor-widget-wrap elementor-element-populated\">\n\t\t\t\t\t\t<div class=\"elementor-element elementor-element-8fabf11 elementor-widget elementor-widget-image\" data-id=\"8fabf11\" data-element_type=\"widget\" data-widget_type=\"image.default\">\n\t\t\t\t\t\t\t\t\t\t\t\t\t\t\t<img fetchpriority=\"high\" decoding=\"async\" width=\"1024\" height=\"576\" src=\"https:\/\/dragosdobrescu.ro\/wp-content\/uploads\/2025\/11\/Foto_Dragos_00006-1024x576.jpg\" class=\"attachment-large size-large wp-image-8381\" alt=\"\" srcset=\"https:\/\/dragosdobrescu.ro\/wp-content\/uploads\/2025\/11\/Foto_Dragos_00006-1024x576.jpg 1024w, https:\/\/dragosdobrescu.ro\/wp-content\/uploads\/2025\/11\/Foto_Dragos_00006-300x169.jpg 300w, https:\/\/dragosdobrescu.ro\/wp-content\/uploads\/2025\/11\/Foto_Dragos_00006-768x432.jpg 768w, https:\/\/dragosdobrescu.ro\/wp-content\/uploads\/2025\/11\/Foto_Dragos_00006-1536x864.jpg 1536w, https:\/\/dragosdobrescu.ro\/wp-content\/uploads\/2025\/11\/Foto_Dragos_00006-2048x1152.jpg 2048w, https:\/\/dragosdobrescu.ro\/wp-content\/uploads\/2025\/11\/Foto_Dragos_00006-900x506.jpg 900w\" sizes=\"(max-width: 1024px) 100vw, 1024px\" \/>\t\t\t\t\t\t\t\t\t\t\t\t\t\t\t<\/div>\n\t\t\t\t<div class=\"elementor-element elementor-element-c5269a1 elementor-widget elementor-widget-text-editor\" data-id=\"c5269a1\" data-element_type=\"widget\" data-widget_type=\"text-editor.default\">\n\t\t\t\t\t\t\t\t\t<h2>Projects that shape the future<\/h2>\n<h5>From simple workspaces to true experience destinations \u2013 investments with purpose, not just returns. Because real value is created where functionality meets inspiration, and profit is doubled by impact.<\/h5>\n\t\t\t\t\t\t\t\t<\/div>\n\t\t\t\t\t<\/div>\n\t\t<\/div>\n\t\t\t\t\t<\/div>\n\t\t<\/section>\n\t\t\t\t<section class=\"elementor-section elementor-top-section elementor-element elementor-element-a3e1b99 elementor-section-full_width elementor-section-height-default elementor-section-height-default\" data-id=\"a3e1b99\" data-element_type=\"section\" data-settings=\"{&quot;background_background&quot;:&quot;classic&quot;}\">\n\t\t\t\t\t\t<div class=\"elementor-container elementor-column-gap-default\">\n\t\t\t\t\t<div class=\"elementor-column elementor-col-25 elementor-top-column elementor-element elementor-element-cb6a460\" data-id=\"cb6a460\" data-element_type=\"column\">\n\t\t\t<div class=\"elementor-widget-wrap elementor-element-populated\">\n\t\t\t\t\t\t<div class=\"elementor-element elementor-element-dccf4b6 animated-slow elementor-invisible elementor-widget elementor-widget-stm_info_box\" data-id=\"dccf4b6\" data-element_type=\"widget\" data-settings=\"{&quot;_animation&quot;:&quot;fadeInUp&quot;}\" data-widget_type=\"stm_info_box.default\">\n\t\t\t\t<div class=\"elementor-widget-container\">\n\t\t\t\t\t<div class=\"info_box elementor-consulting-info-box style_3\">\n\t<div class=\"info_box_wrapper\">\n\t\t\t\t\t<div class=\"info_box_image\">\n\t\t\t\t<img decoding=\"async\" width=\"350\" height=\"250\" src=\"https:\/\/dragosdobrescu.ro\/wp-content\/uploads\/2025\/11\/Frame-427319353.png\" class=\"attachment-consulting-image-350x250-croped size-consulting-image-350x250-croped\" alt=\"\" \/>\t\t\t<\/div>\n\t\t\t\t<div class=\"info_box_text\">\n\t\t\t\t\t\t\t<div class=\"title\">\n\t\t\t\t\t<div class=\"icon\">\n\t\t\t\t\t\t<i class=\"stm-chart-monitor\"><\/i>\n\t\t\t\t\t<\/div>\n\t\t\t\t\t<h6 class=\"no_stripe\">\n\t\t\t\t\t\t<span>Monolit Group<\/span>\n\t\t\t\t\t<\/h6>\n\t\t\t\t<\/div>\n\t\t\t\t<p>Private Equity &amp; Real Estate Investment.<\/p>\n<a class=\"read_more\" target=\"_self\" href=\"https:\/\/monolit.eu\/%20\" rel=\"noopener\"><span>read more<\/span><span class=\"stm_icon\"><i class=\"fa fa-chevron-right\"><\/i><\/span><\/a>\t\t<\/div>\n\t<\/div>\n<\/div>\n\t\t\t\t<\/div>\n\t\t\t\t<\/div>\n\t\t\t\t\t<\/div>\n\t\t<\/div>\n\t\t\t\t<div class=\"elementor-column elementor-col-25 elementor-top-column elementor-element elementor-element-7cc1a0d\" data-id=\"7cc1a0d\" data-element_type=\"column\">\n\t\t\t<div class=\"elementor-widget-wrap elementor-element-populated\">\n\t\t\t\t\t\t<div class=\"elementor-element elementor-element-cd7f6eb animated-slow elementor-invisible elementor-widget elementor-widget-stm_info_box\" data-id=\"cd7f6eb\" data-element_type=\"widget\" data-settings=\"{&quot;_animation&quot;:&quot;fadeInUp&quot;}\" data-widget_type=\"stm_info_box.default\">\n\t\t\t\t<div class=\"elementor-widget-container\">\n\t\t\t\t\t<div class=\"info_box elementor-consulting-info-box style_3\">\n\t<div class=\"info_box_wrapper\">\n\t\t\t\t\t<div class=\"info_box_image\">\n\t\t\t\t<img decoding=\"async\" width=\"350\" height=\"250\" src=\"https:\/\/dragosdobrescu.ro\/wp-content\/uploads\/2025\/11\/CDragomir_MONOLIT_011-350x250.jpg\" class=\"attachment-consulting-image-350x250-croped size-consulting-image-350x250-croped\" alt=\"\" \/>\t\t\t<\/div>\n\t\t\t\t<div class=\"info_box_text\">\n\t\t\t\t\t\t\t<div class=\"title\">\n\t\t\t\t\t<div class=\"icon\">\n\t\t\t\t\t\t<i class=\"stm-earth\"><\/i>\n\t\t\t\t\t<\/div>\n\t\t\t\t\t<h6 class=\"no_stripe\">\n\t\t\t\t\t\t<span>Monolit Offices<\/span>\n\t\t\t\t\t<\/h6>\n\t\t\t\t<\/div>\n\t\t\t\t<p>Cl\u0103diri emblematice de birouri, design atemporal.<\/p>\n<a class=\"read_more\" target=\"_self\" href=\"https:\/\/monolit.eu\/%20\" rel=\"noopener\"><span>read more<\/span><span class=\"stm_icon\"><i class=\"fa fa-chevron-right\"><\/i><\/span><\/a>\t\t<\/div>\n\t<\/div>\n<\/div>\n\t\t\t\t<\/div>\n\t\t\t\t<\/div>\n\t\t\t\t\t<\/div>\n\t\t<\/div>\n\t\t\t\t<div class=\"elementor-column elementor-col-25 elementor-top-column elementor-element elementor-element-438d67d\" data-id=\"438d67d\" data-element_type=\"column\">\n\t\t\t<div class=\"elementor-widget-wrap elementor-element-populated\">\n\t\t\t\t\t\t<div class=\"elementor-element elementor-element-d5e340e animated-slow elementor-invisible elementor-widget elementor-widget-stm_info_box\" data-id=\"d5e340e\" data-element_type=\"widget\" data-settings=\"{&quot;_animation&quot;:&quot;fadeInUp&quot;}\" data-widget_type=\"stm_info_box.default\">\n\t\t\t\t<div class=\"elementor-widget-container\">\n\t\t\t\t\t<div class=\"info_box elementor-consulting-info-box style_3\">\n\t<div class=\"info_box_wrapper\">\n\t\t\t\t\t<div class=\"info_box_image\">\n\t\t\t\t<img loading=\"lazy\" decoding=\"async\" width=\"350\" height=\"250\" src=\"https:\/\/dragosdobrescu.ro\/wp-content\/uploads\/2025\/11\/316162792_167942555879167_7439715754307531541_n-350x250.jpg\" class=\"attachment-consulting-image-350x250-croped size-consulting-image-350x250-croped\" alt=\"\" \/>\t\t\t<\/div>\n\t\t\t\t<div class=\"info_box_text\">\n\t\t\t\t\t\t\t<div class=\"title\">\n\t\t\t\t\t<div class=\"icon\">\n\t\t\t\t\t\t<i class=\"stm-chart-refresh\"><\/i>\n\t\t\t\t\t<\/div>\n\t\t\t\t\t<h6 class=\"no_stripe\">\n\t\t\t\t\t\t<span>Vitalitas Senior Living <\/span>\n\t\t\t\t\t<\/h6>\n\t\t\t\t<\/div>\n\t\t\t\t<p>Centru de excelen\u021b\u0103 pentru seniori, cel mai mare din Europa.<\/p>\n<a class=\"read_more\" target=\"_self\" href=\"https:\/\/vitalitas.ro\/%20\" rel=\"noopener\"><span>read more<\/span><span class=\"stm_icon\"><i class=\"fa fa-chevron-right\"><\/i><\/span><\/a>\t\t<\/div>\n\t<\/div>\n<\/div>\n\t\t\t\t<\/div>\n\t\t\t\t<\/div>\n\t\t\t\t\t<\/div>\n\t\t<\/div>\n\t\t\t\t<div class=\"elementor-column elementor-col-25 elementor-top-column elementor-element elementor-element-90ba738\" data-id=\"90ba738\" data-element_type=\"column\">\n\t\t\t<div class=\"elementor-widget-wrap elementor-element-populated\">\n\t\t\t\t\t\t<div class=\"elementor-element elementor-element-32d43cc animated-slow elementor-invisible elementor-widget elementor-widget-stm_info_box\" data-id=\"32d43cc\" data-element_type=\"widget\" data-settings=\"{&quot;_animation&quot;:&quot;fadeInUp&quot;}\" data-widget_type=\"stm_info_box.default\">\n\t\t\t\t<div class=\"elementor-widget-container\">\n\t\t\t\t\t<div class=\"info_box elementor-consulting-info-box style_3\">\n\t<div class=\"info_box_wrapper\">\n\t\t\t\t\t<div class=\"info_box_image\">\n\t\t\t\t<img loading=\"lazy\" decoding=\"async\" width=\"350\" height=\"250\" src=\"https:\/\/dragosdobrescu.ro\/wp-content\/uploads\/2025\/12\/Dracula-Land-350x250.jpg\" class=\"attachment-consulting-image-350x250-croped size-consulting-image-350x250-croped\" alt=\"\" \/>\t\t\t<\/div>\n\t\t\t\t<div class=\"info_box_text\">\n\t\t\t\t\t\t\t<div class=\"title\">\n\t\t\t\t\t<div class=\"icon\">\n\t\t\t\t\t\t<i class=\"fas fa-water\"><\/i>\n\t\t\t\t\t<\/div>\n\t\t\t\t\t<h6 class=\"no_stripe\">\n\t\t\t\t\t\t<span>Dracula Land<\/span>\n\t\t\t\t\t<\/h6>\n\t\t\t\t<\/div>\n\t\t\t\t<p>A New Icon of Global Entertainment<\/p>\n<a class=\"read_more\" target=\"_self\" href=\"https:\/\/draculaland.com\/\" rel=\"noopener\"><span>read more<\/span><span class=\"stm_icon\"><i class=\"fa fa-chevron-right\"><\/i><\/span><\/a>\t\t<\/div>\n\t<\/div>\n<\/div>\n\t\t\t\t<\/div>\n\t\t\t\t<\/div>\n\t\t\t\t\t<\/div>\n\t\t<\/div>\n\t\t\t\t\t<\/div>\n\t\t<\/section>\n\t\t\t\t<\/div>","protected":false},"excerpt":{"rendered":"<p>Proiecte care construiesc viitorul. De la simple spa\u021bii de lucru la adev\u0103rate destina\u021bii de experien\u021b\u0103 &#8211; investi\u021bii cu sens, nu doar cu randament. Pentru c\u0103 valoarea real\u0103 se creeaz\u0103 acolo unde func\u021bionalitatea se \u00eent\u00e2lne\u0219te cu inspira\u021bia, iar profitul este dublat de impact. Monolit Group Private Equity &amp; Real Estate Investment. read more Monolit Offices Cl\u0103diri<\/p>","protected":false},"author":1,"featured_media":0,"parent":0,"menu_order":0,"comment_status":"closed","ping_status":"closed","template":"","meta":{"footnotes":""},"class_list":["post-344","page","type-page","status-publish","hentry"],"_links":{"self":[{"href":"https:\/\/dragosdobrescu.ro\/en\/wp-json\/wp\/v2\/pages\/344","targetHints":{"allow":["GET"]}}],"collection":[{"href":"https:\/\/dragosdobrescu.ro\/en\/wp-json\/wp\/v2\/pages"}],"about":[{"href":"https:\/\/dragosdobrescu.ro\/en\/wp-json\/wp\/v2\/types\/page"}],"author":[{"embeddable":true,"href":"https:\/\/dragosdobrescu.ro\/en\/wp-json\/wp\/v2\/users\/1"}],"replies":[{"embeddable":true,"href":"https:\/\/dragosdobrescu.ro\/en\/wp-json\/wp\/v2\/comments?post=344"}],"version-history":[{"count":58,"href":"https:\/\/dragosdobrescu.ro\/en\/wp-json\/wp\/v2\/pages\/344\/revisions"}],"predecessor-version":[{"id":8649,"href":"https:\/\/dragosdobrescu.ro\/en\/wp-json\/wp\/v2\/pages\/344\/revisions\/8649"}],"wp:attachment":[{"href":"https:\/\/dragosdobrescu.ro\/en\/wp-json\/wp\/v2\/media?parent=344"}],"curies":[{"name":"wp","href":"https:\/\/api.w.org\/{rel}","templated":true}]}}