{"id":8149,"date":"2025-11-11T20:38:00","date_gmt":"2025-11-11T20:38:00","guid":{"rendered":"https:\/\/dragosdobrescu.ro\/?page_id=8149"},"modified":"2025-11-29T23:11:23","modified_gmt":"2025-11-29T23:11:23","slug":"viziune","status":"publish","type":"page","link":"https:\/\/dragosdobrescu.ro\/en\/viziune\/","title":{"rendered":"Vision"},"content":{"rendered":"<div data-elementor-type=\"wp-page\" data-elementor-id=\"8149\" class=\"elementor elementor-8149\" data-elementor-post-type=\"page\">\n\t\t\t\t\t\t<section class=\"elementor-section elementor-top-section elementor-element elementor-element-c525e01 elementor-section-boxed elementor-section-height-default elementor-section-height-default\" data-id=\"c525e01\" data-element_type=\"section\" data-settings=\"{&quot;background_background&quot;:&quot;classic&quot;}\">\n\t\t\t\t\t\t<div class=\"elementor-container elementor-column-gap-default\">\n\t\t\t\t\t<div class=\"elementor-column elementor-col-100 elementor-top-column elementor-element elementor-element-c526317\" data-id=\"c526317\" data-element_type=\"column\">\n\t\t\t<div class=\"elementor-widget-wrap elementor-element-populated\">\n\t\t\t\t\t\t<div class=\"elementor-element elementor-element-2c12fe8 elementor-widget elementor-widget-image\" data-id=\"2c12fe8\" data-element_type=\"widget\" data-widget_type=\"image.default\">\n\t\t\t\t\t\t\t\t\t\t\t\t\t\t\t<img fetchpriority=\"high\" decoding=\"async\" width=\"2560\" height=\"1440\" src=\"https:\/\/dragosdobrescu.ro\/wp-content\/uploads\/2025\/11\/Foto_Dragos_00003-scaled.jpg\" class=\"attachment-full size-full wp-image-8384\" alt=\"\" srcset=\"https:\/\/dragosdobrescu.ro\/wp-content\/uploads\/2025\/11\/Foto_Dragos_00003-scaled.jpg 2560w, https:\/\/dragosdobrescu.ro\/wp-content\/uploads\/2025\/11\/Foto_Dragos_00003-300x169.jpg 300w, https:\/\/dragosdobrescu.ro\/wp-content\/uploads\/2025\/11\/Foto_Dragos_00003-1024x576.jpg 1024w, https:\/\/dragosdobrescu.ro\/wp-content\/uploads\/2025\/11\/Foto_Dragos_00003-768x432.jpg 768w, https:\/\/dragosdobrescu.ro\/wp-content\/uploads\/2025\/11\/Foto_Dragos_00003-1536x864.jpg 1536w, https:\/\/dragosdobrescu.ro\/wp-content\/uploads\/2025\/11\/Foto_Dragos_00003-2048x1152.jpg 2048w, https:\/\/dragosdobrescu.ro\/wp-content\/uploads\/2025\/11\/Foto_Dragos_00003-900x506.jpg 900w\" sizes=\"(max-width: 2560px) 100vw, 2560px\" \/>\t\t\t\t\t\t\t\t\t\t\t\t\t\t\t<\/div>\n\t\t\t\t<div class=\"elementor-element elementor-element-c5269a1 elementor-widget elementor-widget-text-editor\" data-id=\"c5269a1\" data-element_type=\"widget\" data-widget_type=\"text-editor.default\">\n\t\t\t\t\t\t\t\t\t<h2>My Vision<\/h2>\n<p>Profit is temporary. Legacy lasts for generations.<\/p>\n<p>After more than three decades in real estate, I have come to a simple conclusion: the true value of a developer is not measured in square meters, but in the people who live better because of their projects. I have built buildings, but over time I have understood that the real responsibility is to build value, trust, and communities.<\/p>\n<p>Architecture is not just about structures and aesthetics. It is an act of responsibility toward the city and the generations who will inhabit it. Every foundation I lay reflects my values: respect for people, rigor, durability, and long-term vision.<\/p>\n<p>Today, I no longer build just for the market, but for people. For their safety, for their dignity, and for a future where quality of life becomes a standard, not a privilege.<\/p>\n<p>My projects must generate both economic and human value. I believe in impact-driven real estate, where profit is a consequence, not the ultimate goal.<\/p>\n<p>Buildings remain in the cityscape. But the true legacy is what lives on in people: the peace of a thoughtfully designed home, the opportunities created, the communities that form around each project.<\/p>\n\t\t\t\t\t\t\t\t<\/div>\n\t\t\t\t<section class=\"elementor-section elementor-top-section elementor-element elementor-element-c526c1b elementor-section-boxed elementor-section-height-default elementor-section-height-default\" data-id=\"c526c1b\" data-element_type=\"section\" data-settings=\"{&quot;background_background&quot;:&quot;classic&quot;}\">\n\t\t\t\t\t\t<div class=\"elementor-container elementor-column-gap-default\">\n\t\t\t\t\t<div class=\"elementor-column elementor-col-33 elementor-top-column elementor-element elementor-element-c52709c\" data-id=\"c52709c\" data-element_type=\"column\">\n\t\t\t<div class=\"elementor-widget-wrap elementor-element-populated\">\n\t\t\t\t\t\t<div class=\"elementor-element elementor-element-c52745d animated-slow elementor-invisible elementor-widget elementor-widget-stm_icon_box\" data-id=\"c52745d\" data-element_type=\"widget\" data-settings=\"{&quot;_animation&quot;:&quot;fadeInUp&quot;}\" data-widget_type=\"stm_icon_box.default\">\n\t\t\t\t<div class=\"elementor-widget-container\">\n\t\t\t\t\t\n\n\n            <div onclick=\"return true\" class=\"icon_box  elementor-consulting-icon-box hexagon hexanog_animation style_1 icon_left clearfix\">\n                <div class=\"icon  font-color_default font-color_base_bg\" style=\"width:78px\">\n            <i style=\"font-size: 15px;  \"\n               class=\"far fa-building\"><\/i><\/div>\n        <div class=\"icon_text\">\n                    <h5  class=\"font-color_base no_stripe\">Real value\n<\/h5>\n                <p>Quality is not an expense; it is a form of respect.<\/p>\n    <\/div>\n            <\/div>\n    \n\t\t\t\t<\/div>\n\t\t\t\t<\/div>\n\t\t\t\t\t<\/div>\n\t\t<\/div>\n\t\t\t\t<div class=\"elementor-column elementor-col-33 elementor-top-column elementor-element elementor-element-c5275b7\" data-id=\"c5275b7\" data-element_type=\"column\">\n\t\t\t<div class=\"elementor-widget-wrap elementor-element-populated\">\n\t\t\t\t\t\t<div class=\"elementor-element elementor-element-c5278ec animated-slow elementor-invisible elementor-widget elementor-widget-stm_icon_box\" data-id=\"c5278ec\" data-element_type=\"widget\" data-settings=\"{&quot;_animation&quot;:&quot;fadeInUp&quot;}\" data-widget_type=\"stm_icon_box.default\">\n\t\t\t\t<div class=\"elementor-widget-container\">\n\t\t\t\t\t\n\n\n            <div onclick=\"return true\" class=\"icon_box  elementor-consulting-icon-box hexagon hexanog_animation style_1 icon_left clearfix\">\n                <div class=\"icon  font-color_default font-color_base_bg\" style=\"width:78px\">\n            <i style=\"font-size: 22px;  \"\n               class=\"stm-graph\"><\/i><\/div>\n        <div class=\"icon_text\">\n                    <h5  class=\"font-color_base no_stripe\">Human impact\n<\/h5>\n                <p>The greatest investment is in people.<\/p>\n    <\/div>\n            <\/div>\n    \n\t\t\t\t<\/div>\n\t\t\t\t<\/div>\n\t\t\t\t\t<\/div>\n\t\t<\/div>\n\t\t\t\t<div class=\"elementor-column elementor-col-33 elementor-top-column elementor-element elementor-element-c527e0e\" data-id=\"c527e0e\" data-element_type=\"column\">\n\t\t\t<div class=\"elementor-widget-wrap elementor-element-populated\">\n\t\t\t\t\t\t<div class=\"elementor-element elementor-element-c528196 animated-slow elementor-invisible elementor-widget elementor-widget-stm_icon_box\" data-id=\"c528196\" data-element_type=\"widget\" data-settings=\"{&quot;_animation&quot;:&quot;fadeInUp&quot;}\" data-widget_type=\"stm_icon_box.default\">\n\t\t\t\t<div class=\"elementor-widget-container\">\n\t\t\t\t\t\n\n\n            <div onclick=\"return true\" class=\"icon_box  elementor-consulting-icon-box hexagon hexanog_animation style_1 icon_left clearfix\">\n                <div class=\"icon  font-color_default font-color_base_bg\" style=\"width:78px\">\n            <i style=\"font-size: 21px;  \"\n               class=\"far fa-chart-bar\"><\/i><\/div>\n        <div class=\"icon_text\">\n                    <h5  class=\"font-color_base no_stripe\">Legacy\n<\/h5>\n                <p>It doesn\u2019t matter how much you build. What matters is what endures.<\/p>\n    <\/div>\n            <\/div>\n    \n\t\t\t\t<\/div>\n\t\t\t\t<\/div>\n\t\t\t\t\t<\/div>\n\t\t<\/div>\n\t\t\t\t\t<\/div>\n\t\t<\/section>\n\t\t\t\t\t<\/div>\n\t\t<\/div>\n\t\t\t\t\t<\/div>\n\t\t<\/section>\n\t\t<div class=\"elementor-element elementor-element-30cc0a1 e-flex e-con-boxed e-con e-parent\" data-id=\"30cc0a1\" data-element_type=\"container\" data-settings=\"{&quot;background_background&quot;:&quot;classic&quot;}\">\n\t\t\t\t\t<div class=\"e-con-inner\">\n\t\t<div class=\"elementor-element elementor-element-b2460d0 e-con-full e-flex e-con e-child\" data-id=\"b2460d0\" data-element_type=\"container\">\n\t\t\t\t<div class=\"elementor-element elementor-element-275ee54 elementor-widget elementor-widget-text-editor\" data-id=\"275ee54\" data-element_type=\"widget\" data-widget_type=\"text-editor.default\">\n\t\t\t\t\t\t\t\t\t<div class=\"citat-dragos\">\n<p>This is my vision: to build something that lasts beyond me and for the benefit of those who come after us.<\/p>\n<div class=\"autor-citat\">- Dragos Dobrescu<\/div>\n<\/div>\n\t\t\t\t\t\t\t\t<\/div>\n\t\t\t\t<\/div>\n\t\t<div class=\"elementor-element elementor-element-54cc118 e-con-full e-flex e-con e-child\" data-id=\"54cc118\" data-element_type=\"container\">\n\t\t\t\t<div class=\"elementor-element elementor-element-5155da4 elementor-widget elementor-widget-image\" data-id=\"5155da4\" data-element_type=\"widget\" data-widget_type=\"image.default\">\n\t\t\t\t\t\t\t\t\t\t\t\t\t\t\t<img fetchpriority=\"high\" decoding=\"async\" width=\"2560\" height=\"1440\" src=\"https:\/\/dragosdobrescu.ro\/wp-content\/uploads\/2025\/11\/Foto_Dragos_00003-scaled.jpg\" class=\"attachment-full size-full wp-image-8384\" alt=\"\" srcset=\"https:\/\/dragosdobrescu.ro\/wp-content\/uploads\/2025\/11\/Foto_Dragos_00003-scaled.jpg 2560w, https:\/\/dragosdobrescu.ro\/wp-content\/uploads\/2025\/11\/Foto_Dragos_00003-300x169.jpg 300w, https:\/\/dragosdobrescu.ro\/wp-content\/uploads\/2025\/11\/Foto_Dragos_00003-1024x576.jpg 1024w, https:\/\/dragosdobrescu.ro\/wp-content\/uploads\/2025\/11\/Foto_Dragos_00003-768x432.jpg 768w, https:\/\/dragosdobrescu.ro\/wp-content\/uploads\/2025\/11\/Foto_Dragos_00003-1536x864.jpg 1536w, https:\/\/dragosdobrescu.ro\/wp-content\/uploads\/2025\/11\/Foto_Dragos_00003-2048x1152.jpg 2048w, https:\/\/dragosdobrescu.ro\/wp-content\/uploads\/2025\/11\/Foto_Dragos_00003-900x506.jpg 900w\" sizes=\"(max-width: 2560px) 100vw, 2560px\" \/>\t\t\t\t\t\t\t\t\t\t\t\t\t\t\t<\/div>\n\t\t\t\t<\/div>\n\t\t\t\t\t<\/div>\n\t\t\t\t<\/div>\n\t\t\t\t<\/div>","protected":false},"excerpt":{"rendered":"<p>Viziunea mea Profitul este temporar. Mo\u0219tenirea este pentru genera\u021bii. Dup\u0103 peste trei decenii \u00een real estate, am ajuns la o concluzie simpl\u0103: adev\u0103rata valoare a unui dezvoltator nu se vede \u00een metri p\u0103tra\u021bi, ci \u00een oamenii care tr\u0103iesc mai bine datorit\u0103 proiectelor sale. Am construit cl\u0103diri, dar \u00een timp am \u00een\u021beles c\u0103 responsabilitatea real\u0103 este<\/p>","protected":false},"author":1,"featured_media":0,"parent":0,"menu_order":0,"comment_status":"closed","ping_status":"closed","template":"","meta":{"footnotes":""},"class_list":["post-8149","page","type-page","status-publish","hentry"],"_links":{"self":[{"href":"https:\/\/dragosdobrescu.ro\/en\/wp-json\/wp\/v2\/pages\/8149","targetHints":{"allow":["GET"]}}],"collection":[{"href":"https:\/\/dragosdobrescu.ro\/en\/wp-json\/wp\/v2\/pages"}],"about":[{"href":"https:\/\/dragosdobrescu.ro\/en\/wp-json\/wp\/v2\/types\/page"}],"author":[{"embeddable":true,"href":"https:\/\/dragosdobrescu.ro\/en\/wp-json\/wp\/v2\/users\/1"}],"replies":[{"embeddable":true,"href":"https:\/\/dragosdobrescu.ro\/en\/wp-json\/wp\/v2\/comments?post=8149"}],"version-history":[{"count":31,"href":"https:\/\/dragosdobrescu.ro\/en\/wp-json\/wp\/v2\/pages\/8149\/revisions"}],"predecessor-version":[{"id":8600,"href":"https:\/\/dragosdobrescu.ro\/en\/wp-json\/wp\/v2\/pages\/8149\/revisions\/8600"}],"wp:attachment":[{"href":"https:\/\/dragosdobrescu.ro\/en\/wp-json\/wp\/v2\/media?parent=8149"}],"curies":[{"name":"wp","href":"https:\/\/api.w.org\/{rel}","templated":true}]}}